{"id":21,"date":"2020-02-11T12:06:54","date_gmt":"2020-02-11T11:06:54","guid":{"rendered":"http:\/\/equiregard.fr\/?page_id=21"},"modified":"2024-06-24T12:16:19","modified_gmt":"2024-06-24T10:16:19","slug":"a-propos","status":"publish","type":"page","link":"https:\/\/equiregard.fr\/index.php\/massage\/a-propos\/","title":{"rendered":"A propos"},"content":{"rendered":"\t\t<div data-elementor-type=\"wp-page\" data-elementor-id=\"21\" class=\"elementor elementor-21\">\n\t\t\t\t\t\t\t\t\t<section class=\"elementor-section elementor-top-section elementor-element elementor-element-2ff8818 elementor-section-boxed elementor-section-height-default elementor-section-height-default\" data-id=\"2ff8818\" data-element_type=\"section\">\n\t\t\t\t\t\t<div class=\"elementor-container elementor-column-gap-default\">\n\t\t\t\t\t<div class=\"elementor-column elementor-col-100 elementor-top-column elementor-element elementor-element-3a7ff526\" data-id=\"3a7ff526\" data-element_type=\"column\">\n\t\t\t<div class=\"elementor-widget-wrap elementor-element-populated\">\n\t\t\t\t\t\t\t\t<section class=\"elementor-section elementor-inner-section elementor-element elementor-element-364371f elementor-section-boxed elementor-section-height-default elementor-section-height-default\" data-id=\"364371f\" data-element_type=\"section\">\n\t\t\t\t\t\t<div class=\"elementor-container elementor-column-gap-default\">\n\t\t\t\t\t<div class=\"elementor-column elementor-col-33 elementor-inner-column elementor-element elementor-element-59ad144\" data-id=\"59ad144\" data-element_type=\"column\">\n\t\t\t<div class=\"elementor-widget-wrap elementor-element-populated\">\n\t\t\t\t\t\t\t\t<div class=\"elementor-element elementor-element-8711b73 elementor-align-left elementor-hidden-phone elementor-widget elementor-widget-button\" data-id=\"8711b73\" data-element_type=\"widget\" data-widget_type=\"button.default\">\n\t\t\t\t<div class=\"elementor-widget-container\">\n\t\t\t\t\t<div class=\"elementor-button-wrapper\">\n\t\t\t<a class=\"elementor-button elementor-button-link elementor-size-xs\" href=\"http:\/\/equiregard.fr\/index.php\/massage\/\">\n\t\t\t\t\t\t<span class=\"elementor-button-content-wrapper\">\n\t\t\t\t\t\t<span class=\"elementor-button-icon elementor-align-icon-left\">\n\t\t\t\t<i aria-hidden=\"true\" class=\"far fa-arrow-alt-circle-left\"><\/i>\t\t\t<\/span>\n\t\t\t\t\t\t<span class=\"elementor-button-text\">Retour \u00e0 \"Massages\"<\/span>\n\t\t<\/span>\n\t\t\t\t\t<\/a>\n\t\t<\/div>\n\t\t\t\t<\/div>\n\t\t\t\t<\/div>\n\t\t\t\t\t<\/div>\n\t\t<\/div>\n\t\t\t\t<div class=\"elementor-column elementor-col-33 elementor-inner-column elementor-element elementor-element-ef5a7e3\" data-id=\"ef5a7e3\" data-element_type=\"column\">\n\t\t\t<div class=\"elementor-widget-wrap elementor-element-populated\">\n\t\t\t\t\t\t\t\t<div class=\"elementor-element elementor-element-9ada723 elementor-shape-rounded elementor-grid-0 e-grid-align-center elementor-widget elementor-widget-social-icons\" data-id=\"9ada723\" data-element_type=\"widget\" data-widget_type=\"social-icons.default\">\n\t\t\t\t<div class=\"elementor-widget-container\">\n\t\t\t\t\t<div class=\"elementor-social-icons-wrapper elementor-grid\">\n\t\t\t\t\t\t\t<span class=\"elementor-grid-item\">\n\t\t\t\t\t<a class=\"elementor-icon elementor-social-icon elementor-social-icon-facebook elementor-repeater-item-6e8eeea\" href=\"https:\/\/www.facebook.com\/Equiregardmassages\/\" target=\"_blank\">\n\t\t\t\t\t\t<span class=\"elementor-screen-only\">Facebook<\/span>\n\t\t\t\t\t\t<i class=\"fab fa-facebook\"><\/i>\t\t\t\t\t<\/a>\n\t\t\t\t<\/span>\n\t\t\t\t\t<\/div>\n\t\t\t\t<\/div>\n\t\t\t\t<\/div>\n\t\t\t\t\t<\/div>\n\t\t<\/div>\n\t\t\t\t<div class=\"elementor-column elementor-col-33 elementor-inner-column elementor-element elementor-element-58d2f3f\" data-id=\"58d2f3f\" data-element_type=\"column\">\n\t\t\t<div class=\"elementor-widget-wrap elementor-element-populated\">\n\t\t\t\t\t\t\t\t<div class=\"elementor-element elementor-element-7044d5c elementor-align-right elementor-hidden-phone elementor-widget elementor-widget-button\" data-id=\"7044d5c\" data-element_type=\"widget\" data-widget_type=\"button.default\">\n\t\t\t\t<div class=\"elementor-widget-container\">\n\t\t\t\t\t<div class=\"elementor-button-wrapper\">\n\t\t\t<a class=\"elementor-button elementor-button-link elementor-size-xs\" href=\"http:\/\/equiregard.fr\/index.php\/massage-humain\/modelage\/\">\n\t\t\t\t\t\t<span class=\"elementor-button-content-wrapper\">\n\t\t\t\t\t\t<span class=\"elementor-button-icon elementor-align-icon-right\">\n\t\t\t\t<i aria-hidden=\"true\" class=\"far fa-arrow-alt-circle-right\"><\/i>\t\t\t<\/span>\n\t\t\t\t\t\t<span class=\"elementor-button-text\">Vers \"Modelage\" <\/span>\n\t\t<\/span>\n\t\t\t\t\t<\/a>\n\t\t<\/div>\n\t\t\t\t<\/div>\n\t\t\t\t<\/div>\n\t\t\t\t\t<\/div>\n\t\t<\/div>\n\t\t\t\t\t\t\t<\/div>\n\t\t<\/section>\n\t\t\t\t<div class=\"elementor-element elementor-element-2cc7121 elementor-widget elementor-widget-heading\" data-id=\"2cc7121\" data-element_type=\"widget\" data-widget_type=\"heading.default\">\n\t\t\t\t<div class=\"elementor-widget-container\">\n\t\t\t<h2 class=\"elementor-heading-title elementor-size-large\">A propos<\/h2>\t\t<\/div>\n\t\t\t\t<\/div>\n\t\t\t\t<div class=\"elementor-element elementor-element-19c71fa7 elementor-widget elementor-widget-text-editor\" data-id=\"19c71fa7\" data-element_type=\"widget\" data-widget_type=\"text-editor.default\">\n\t\t\t\t<div class=\"elementor-widget-container\">\n\t\t\t\t\t\t\t<p class=\"MsoNormal\" style=\"text-align: center;\"><span style=\"font-size: 18pt; font-family: corsiva; color: #ff6600;\">Nous sommes au d\u00e9marrage d\u2019une nouvelle aire et tant mieux&#8230; <\/span><\/p><p class=\"MsoNormal\" style=\"text-align: center;\"><span style=\"font-size: 18pt; font-family: corsiva; color: #ff6600;\">Nous prenons enfin conscience l&rsquo;int\u00e9r\u00eat de prendre soin de soi afin d\u2019\u00eatre mieux dans son corps, dans sa t\u00eate et dans sa vie !<br \/><\/span><\/p><p class=\"MsoNormal\" style=\"text-align: center;\"><span style=\"font-size: 18pt; font-family: corsiva; color: #ff6600;\"><strong>De toute \u00e9vidence, notre quotidien nous am\u00e8ne de nombreuses tensions : Tensions nerveuses, tensions musculaires&#8230;<\/strong> <\/span><\/p><p class=\"MsoNormal\" style=\"text-align: center;\"><span style=\"font-family: corsiva; font-size: 18pt;\"><span style=\"color: #ff6600;\">S<\/span><span style=\"color: #ff6600;\">i nous ne faisons rien, ces tensions s\u2019installent : <\/span><\/span><\/p><p class=\"MsoNormal\" style=\"text-align: center;\"><span style=\"font-size: 18pt; font-family: corsiva; color: #ff6600;\">tout d\u2019abord dans le dos en haut o\u00f9 en bas puis dans les bras et les jambes, chaque membre ressent alors une fatigue physique.<\/span><\/p><p class=\"MsoNormal\" style=\"text-align: center;\"><span style=\"font-size: 18pt; font-family: corsiva; color: #ff6600;\">\u00a0<\/span><\/p><p class=\"MsoNormal\" style=\"text-align: center;\"><span style=\"font-family: corsiva; font-size: 18pt;\"><strong><span style=\"color: #ff6600;\">Le massage n\u2019est plus un luxe mais une n\u00e9cessit\u00e9 pour appr\u00e9hender cette fatigue g\u00e9n\u00e9rale.<\/span><\/strong><\/span><\/p><p class=\"MsoNormal\" style=\"text-align: center;\"><span style=\"font-family: corsiva; font-size: 18pt;\"><strong><span style=\"color: #ff6600;\">Gr\u00e2ce \u00e0 lui les toxines accumul\u00e9es dans notre corps vont se lib\u00e9rer et dispara\u00eetre. <\/span><\/strong><\/span><\/p><p class=\"MsoNormal\" style=\"text-align: center;\"><span style=\"font-family: corsiva; font-size: 18pt;\"><strong><span style=\"color: #ff6600;\">Ce moment de d\u00e9tente va nous permettre de nous relaxer physiquement et mentalement.<\/span><\/strong><\/span><\/p><p class=\"MsoNormal\" style=\"text-align: center;\"><span style=\"font-size: 18pt; font-family: corsiva; color: #ff6600;\">\u00a0<\/span><\/p><p class=\"MsoNormal\" style=\"text-align: center;\"><span style=\"font-size: 18pt; font-family: corsiva; color: #ff6600;\">Pendant le massage, sensation de ce bien \u00eatre car les tensions se calment, les muscles se d\u00e9tendent.<\/span><\/p><p class=\"MsoNormal\" style=\"text-align: center;\"><span style=\"font-family: corsiva; font-size: 18pt;\"><span style=\"color: #ff6600;\">Les massages sont l\u00e0 pour soulager la douleur, d\u00e9nouer tous les n\u0153uds de la colonne vert\u00e9brale <\/span><span style=\"color: #ff6600;\">avec la pratique de mouvements toniques, d\u2019effleurage, de p\u00e9trissage, de percussions\u2026<\/span><\/span><\/p><p style=\"text-align: center;\"><span style=\"font-family: corsiva; font-size: 18pt;\"><span style=\"color: #ff6600;\">Toutes ces diff\u00e9rentes techniques permettent de se sentir l\u00e9ger, <\/span><span style=\"color: #ff6600;\">comme neuf !<br \/><\/span><\/span><\/p>\t\t\t\t\t\t<\/div>\n\t\t\t\t<\/div>\n\t\t\t\t\t<\/div>\n\t\t<\/div>\n\t\t\t\t\t\t\t<\/div>\n\t\t<\/section>\n\t\t\t\t\t\t\t<\/div>\n\t\t","protected":false},"excerpt":{"rendered":"<p>Retour \u00e0 \u00ab\u00a0Massages\u00a0\u00bb Facebook Vers \u00ab\u00a0Modelage\u00a0\u00bb A propos Nous sommes au d\u00e9marrage d\u2019une nouvelle aire et tant mieux&#8230; Nous prenons enfin conscience l&rsquo;int\u00e9r\u00eat de prendre soin de soi afin d\u2019\u00eatre mieux dans son corps, dans sa t\u00eate et dans sa<\/p>\n","protected":false},"author":1,"featured_media":0,"parent":15,"menu_order":2,"comment_status":"closed","ping_status":"closed","template":"","meta":{"footnotes":""},"class_list":["post-21","page","type-page","status-publish","hentry"],"_links":{"self":[{"href":"https:\/\/equiregard.fr\/index.php\/wp-json\/wp\/v2\/pages\/21","targetHints":{"allow":["GET"]}}],"collection":[{"href":"https:\/\/equiregard.fr\/index.php\/wp-json\/wp\/v2\/pages"}],"about":[{"href":"https:\/\/equiregard.fr\/index.php\/wp-json\/wp\/v2\/types\/page"}],"author":[{"embeddable":true,"href":"https:\/\/equiregard.fr\/index.php\/wp-json\/wp\/v2\/users\/1"}],"replies":[{"embeddable":true,"href":"https:\/\/equiregard.fr\/index.php\/wp-json\/wp\/v2\/comments?post=21"}],"version-history":[{"count":27,"href":"https:\/\/equiregard.fr\/index.php\/wp-json\/wp\/v2\/pages\/21\/revisions"}],"predecessor-version":[{"id":1767,"href":"https:\/\/equiregard.fr\/index.php\/wp-json\/wp\/v2\/pages\/21\/revisions\/1767"}],"up":[{"embeddable":true,"href":"https:\/\/equiregard.fr\/index.php\/wp-json\/wp\/v2\/pages\/15"}],"wp:attachment":[{"href":"https:\/\/equiregard.fr\/index.php\/wp-json\/wp\/v2\/media?parent=21"}],"curies":[{"name":"wp","href":"https:\/\/api.w.org\/{rel}","templated":true}]}}