{"id":17,"date":"2020-02-11T12:04:50","date_gmt":"2020-02-11T11:04:50","guid":{"rendered":"http:\/\/equiregard.fr\/?page_id=17"},"modified":"2024-06-24T16:47:21","modified_gmt":"2024-06-24T14:47:21","slug":"page-1-de-massage","status":"publish","type":"page","link":"https:\/\/equiregard.fr\/index.php\/massage\/page-1-de-massage\/","title":{"rendered":"Ma philosophie"},"content":{"rendered":"\t\t<div data-elementor-type=\"wp-page\" data-elementor-id=\"17\" class=\"elementor elementor-17\">\n\t\t\t\t\t\t\t\t\t<section class=\"elementor-section elementor-top-section elementor-element elementor-element-23291d8e elementor-section-boxed elementor-section-height-default elementor-section-height-default\" data-id=\"23291d8e\" data-element_type=\"section\">\n\t\t\t\t\t\t<div class=\"elementor-container elementor-column-gap-default\">\n\t\t\t\t\t<div class=\"elementor-column elementor-col-100 elementor-top-column elementor-element elementor-element-131904a5\" data-id=\"131904a5\" data-element_type=\"column\">\n\t\t\t<div class=\"elementor-widget-wrap elementor-element-populated\">\n\t\t\t\t\t\t\t\t<section class=\"elementor-section elementor-inner-section elementor-element elementor-element-bebe07e elementor-section-boxed elementor-section-height-default elementor-section-height-default\" data-id=\"bebe07e\" data-element_type=\"section\">\n\t\t\t\t\t\t<div class=\"elementor-container elementor-column-gap-default\">\n\t\t\t\t\t<div class=\"elementor-column elementor-col-33 elementor-inner-column elementor-element elementor-element-4eecfaf\" data-id=\"4eecfaf\" data-element_type=\"column\">\n\t\t\t<div class=\"elementor-widget-wrap elementor-element-populated\">\n\t\t\t\t\t\t\t\t<div class=\"elementor-element elementor-element-89b00d8 elementor-align-left elementor-hidden-phone elementor-widget elementor-widget-button\" data-id=\"89b00d8\" data-element_type=\"widget\" data-widget_type=\"button.default\">\n\t\t\t\t<div class=\"elementor-widget-container\">\n\t\t\t\t\t<div class=\"elementor-button-wrapper\">\n\t\t\t<a class=\"elementor-button elementor-button-link elementor-size-xs\" href=\"http:\/\/equiregard.fr\/index.php\/massage\">\n\t\t\t\t\t\t<span class=\"elementor-button-content-wrapper\">\n\t\t\t\t\t\t<span class=\"elementor-button-icon elementor-align-icon-left\">\n\t\t\t\t<i aria-hidden=\"true\" class=\"far fa-arrow-alt-circle-left\"><\/i>\t\t\t<\/span>\n\t\t\t\t\t\t<span class=\"elementor-button-text\">Retour \u00e0 \"Massages\"<\/span>\n\t\t<\/span>\n\t\t\t\t\t<\/a>\n\t\t<\/div>\n\t\t\t\t<\/div>\n\t\t\t\t<\/div>\n\t\t\t\t\t<\/div>\n\t\t<\/div>\n\t\t\t\t<div class=\"elementor-column elementor-col-33 elementor-inner-column elementor-element elementor-element-6e8a3cb\" data-id=\"6e8a3cb\" data-element_type=\"column\">\n\t\t\t<div class=\"elementor-widget-wrap elementor-element-populated\">\n\t\t\t\t\t\t\t\t<div class=\"elementor-element elementor-element-d702399 elementor-shape-rounded elementor-grid-0 e-grid-align-center elementor-widget elementor-widget-social-icons\" data-id=\"d702399\" data-element_type=\"widget\" data-widget_type=\"social-icons.default\">\n\t\t\t\t<div class=\"elementor-widget-container\">\n\t\t\t\t\t<div class=\"elementor-social-icons-wrapper elementor-grid\">\n\t\t\t\t\t\t\t<span class=\"elementor-grid-item\">\n\t\t\t\t\t<a class=\"elementor-icon elementor-social-icon elementor-social-icon-facebook elementor-repeater-item-6e8eeea\" href=\"https:\/\/www.facebook.com\/Equiregardmassages\/\" target=\"_blank\">\n\t\t\t\t\t\t<span class=\"elementor-screen-only\">Facebook<\/span>\n\t\t\t\t\t\t<i class=\"fab fa-facebook\"><\/i>\t\t\t\t\t<\/a>\n\t\t\t\t<\/span>\n\t\t\t\t\t<\/div>\n\t\t\t\t<\/div>\n\t\t\t\t<\/div>\n\t\t\t\t\t<\/div>\n\t\t<\/div>\n\t\t\t\t<div class=\"elementor-column elementor-col-33 elementor-inner-column elementor-element elementor-element-0128279\" data-id=\"0128279\" data-element_type=\"column\">\n\t\t\t<div class=\"elementor-widget-wrap elementor-element-populated\">\n\t\t\t\t\t\t\t\t<div class=\"elementor-element elementor-element-f9c427c elementor-align-right elementor-hidden-phone elementor-widget elementor-widget-button\" data-id=\"f9c427c\" data-element_type=\"widget\" data-widget_type=\"button.default\">\n\t\t\t\t<div class=\"elementor-widget-container\">\n\t\t\t\t\t<div class=\"elementor-button-wrapper\">\n\t\t\t<a class=\"elementor-button elementor-button-link elementor-size-xs\" href=\"http:\/\/equiregard.fr\/index.php\/massage-humain\/page-2-massage\/\">\n\t\t\t\t\t\t<span class=\"elementor-button-content-wrapper\">\n\t\t\t\t\t\t<span class=\"elementor-button-icon elementor-align-icon-right\">\n\t\t\t\t<i aria-hidden=\"true\" class=\"far fa-arrow-alt-circle-right\"><\/i>\t\t\t<\/span>\n\t\t\t\t\t\t<span class=\"elementor-button-text\">Vers \"A propos\"<\/span>\n\t\t<\/span>\n\t\t\t\t\t<\/a>\n\t\t<\/div>\n\t\t\t\t<\/div>\n\t\t\t\t<\/div>\n\t\t\t\t\t<\/div>\n\t\t<\/div>\n\t\t\t\t\t\t\t<\/div>\n\t\t<\/section>\n\t\t\t\t<div class=\"elementor-element elementor-element-a972a3b elementor-widget elementor-widget-heading\" data-id=\"a972a3b\" data-element_type=\"widget\" data-widget_type=\"heading.default\">\n\t\t\t\t<div class=\"elementor-widget-container\">\n\t\t\t<h2 class=\"elementor-heading-title elementor-size-large\">Ma philosophie<\/h2>\t\t<\/div>\n\t\t\t\t<\/div>\n\t\t\t\t<div class=\"elementor-element elementor-element-7c2be36d elementor-widget elementor-widget-text-editor\" data-id=\"7c2be36d\" data-element_type=\"widget\" data-widget_type=\"text-editor.default\">\n\t\t\t\t<div class=\"elementor-widget-container\">\n\t\t\t\t\t\t\t<p class=\"MsoNormal\"><span style=\"font-family: corsiva;\"><span style=\"font-size: 18pt; color: #ff6600;\">Apr\u00e8s une quinzaine d\u2019ann\u00e9es dans le milieu m\u00e9dico social puis param\u00e9dical <\/span><span style=\"font-size: 18pt; color: #ff6600;\">avec en parall\u00e8le\u00a0 <\/span><span style=\"font-size: 18pt; color: #ff6600;\">une passion qui me suit depuis mon plus jeune \u00e2ge (le cheval).<\/span><\/span><\/p><p class=\"MsoNormal\"><span style=\"font-family: corsiva;\"><span style=\"font-size: 18pt; color: #ff6600;\">Un bilan de comp\u00e9tence a mis en lumi\u00e8re mes qualit\u00e9s dans les relations humaines <\/span><span style=\"font-size: 18pt; color: #ff6600;\">et je sais aujourd&rsquo;hui que ma mission de vie est l&rsquo;aide aux personnes. Le massage fait parti des outils pour aider \u00e0 lib\u00e9rer le corps et l&rsquo;\u00e2me de tous les \u00ab\u00a0boulets\u00a0\u00bb qui s&rsquo;y sont attach\u00e9s au cours de la vie&#8230;.<\/span><\/span><\/p><p class=\"MsoNormal\"><span style=\"font-family: corsiva;\"><span style=\"font-size: 18pt; color: #ff6600;\">A<\/span><span style=\"font-size: 18pt; color: #ff6600;\">ussi, j\u2019ai orient\u00e9 mon projet professionnel par rapport \u00e0 mes acquis, mes envies et aujourd&rsquo;hui j&rsquo;ai un panel de techniques qui me permets d&rsquo;\u00e9voluer gr\u00e2ce \u00e0 vous. Pour chacun de vous, je propose l&rsquo;outil, la technique qui vous convient et \u00e7a marche ; je vous en remercie d&rsquo;ailleurs. <\/span><\/span><\/p><p class=\"MsoNormal\"><span style=\"font-family: corsiva;\"><span style=\"font-size: 18pt; color: #ff6600;\">Avec tout ce que j&rsquo;ai not\u00e9 ci dessus, vous comprendrez bien que : <\/span><\/span><\/p><p class=\"MsoNormal\"><span style=\"font-family: corsiva;\"><strong><span style=\"font-size: 18pt; color: #ff6600;\">Le bien-\u00eatre de la personne est pour moi tr\u00e8s important.<\/span><\/strong><\/span><\/p><p class=\"MsoNormal\"><span style=\"font-size: 18pt; font-family: corsiva; color: #ff6600;\">On ne peut pas vivre sereinement si le stress, la tristesse, la col\u00e8re vous \u00e9touffent. <\/span><\/p><p class=\"MsoNormal\"><span style=\"font-size: 18pt; font-family: corsiva; color: #ff6600;\"><strong>J\u2019ai donc choisi la formation Technicienne en SPA plus simplement formation de massoth\u00e9rapie d&rsquo;une ann\u00e9e avec obtention de la <\/strong><\/span><span style=\"font-size: 18pt; font-family: corsiva; color: #ff6600;\"><strong>Certification reconnue au niveau national (RNCP).<\/strong> Oui quand m\u00eame \ud83d\ude09<br \/><\/span><\/p><p class=\"MsoNormal\"><span style=\"font-family: corsiva;\"><span style=\"font-size: 18pt; color: #ff6600;\">J\u2019ai r\u00e9alis\u00e9 cette formation \u00e0 Montpellier \u00ab Mains du Monde \u00bb<\/span><span style=\"font-size: 18pt; color: #ff6600;\">. <\/span><span style=\"font-size: 18pt; color: #ff6600;\">Pendant ces 12 mois de formation, <\/span><span style=\"font-size: 18pt; color: #ff6600;\">j\u2019ai r\u00e9alis\u00e9 un stage pratique \u00e0 Atlanthal \u00e0 Anglet.<\/span><\/span><\/p><p class=\"MsoNormal\"><span style=\"font-family: corsiva;\"><span style=\"font-size: 18pt; color: #ff6600;\">\u00a0<\/span><strong><span style=\"font-size: 18pt; color: #ff6600;\">Je vis donc pleinement ce que je fais <\/span><\/strong><strong><span style=\"font-size: 18pt; color: #ff6600;\">et c\u2019est avec passion que je r\u00e9alise ces massages <\/span><\/strong><strong><span style=\"font-size: 18pt; color: #ff6600;\">que j\u2019adapte en fonction de la morphologie, du ressenti du moment&#8230; <\/span><\/strong><strong><span style=\"font-size: 18pt; color: #ff6600;\">Mes mains savent o\u00f9 se diriger pour lib\u00e9rer toutes les tensions existantes.<\/span><\/strong><\/span><\/p><p class=\"MsoNormal\"><span style=\"font-family: corsiva;\"><span style=\"font-size: 18pt; color: #ff6600;\">Je suis ravie d&rsquo;avoir de bons retours sur mon travail. <\/span><\/span><\/p><p class=\"MsoNormal\"><span style=\"font-family: corsiva;\"><span style=\"font-size: 18pt; color: #ff6600;\">\u00c9tant ancienne comp\u00e9titrice \u00e9questre, je connais les douleurs dorsales ou au niveau des cuisses que peuvent avoir les cavaliers\u00a0 mais pas qu&rsquo;eux&#8230;un autre sport avec ces m\u00eames maux existent : le sport de la moto ; c&rsquo;est pourquoi je pratique avec passion les massages de pr\u00e9parations et de r\u00e9cup\u00e9rations, au <strong>Circuit de course d&rsquo;Arnos<\/strong>. <\/span><\/span><\/p><p class=\"MsoNormal\"><span style=\"font-family: corsiva;\"><span style=\"font-size: 18pt; color: #ff6600;\">Mes massages sont donc adapt\u00e9s pour chacun.<\/span><strong><span style=\"font-size: 18pt; color: #ff6600;\"><br \/><\/span><\/strong><\/span><\/p><p>\u00a0<\/p>\t\t\t\t\t\t<\/div>\n\t\t\t\t<\/div>\n\t\t\t\t\t<\/div>\n\t\t<\/div>\n\t\t\t\t\t\t\t<\/div>\n\t\t<\/section>\n\t\t\t\t\t\t\t<\/div>\n\t\t","protected":false},"excerpt":{"rendered":"<p>Retour \u00e0 \u00ab\u00a0Massages\u00a0\u00bb Facebook Vers \u00ab\u00a0A propos\u00a0\u00bb Ma philosophie Apr\u00e8s une quinzaine d\u2019ann\u00e9es dans le milieu m\u00e9dico social puis param\u00e9dical avec en parall\u00e8le\u00a0 une passion qui me suit depuis mon plus jeune \u00e2ge (le cheval). Un bilan de comp\u00e9tence a<\/p>\n","protected":false},"author":1,"featured_media":0,"parent":15,"menu_order":1,"comment_status":"closed","ping_status":"closed","template":"","meta":{"footnotes":""},"class_list":["post-17","page","type-page","status-publish","hentry"],"_links":{"self":[{"href":"https:\/\/equiregard.fr\/index.php\/wp-json\/wp\/v2\/pages\/17","targetHints":{"allow":["GET"]}}],"collection":[{"href":"https:\/\/equiregard.fr\/index.php\/wp-json\/wp\/v2\/pages"}],"about":[{"href":"https:\/\/equiregard.fr\/index.php\/wp-json\/wp\/v2\/types\/page"}],"author":[{"embeddable":true,"href":"https:\/\/equiregard.fr\/index.php\/wp-json\/wp\/v2\/users\/1"}],"replies":[{"embeddable":true,"href":"https:\/\/equiregard.fr\/index.php\/wp-json\/wp\/v2\/comments?post=17"}],"version-history":[{"count":39,"href":"https:\/\/equiregard.fr\/index.php\/wp-json\/wp\/v2\/pages\/17\/revisions"}],"predecessor-version":[{"id":1791,"href":"https:\/\/equiregard.fr\/index.php\/wp-json\/wp\/v2\/pages\/17\/revisions\/1791"}],"up":[{"embeddable":true,"href":"https:\/\/equiregard.fr\/index.php\/wp-json\/wp\/v2\/pages\/15"}],"wp:attachment":[{"href":"https:\/\/equiregard.fr\/index.php\/wp-json\/wp\/v2\/media?parent=17"}],"curies":[{"name":"wp","href":"https:\/\/api.w.org\/{rel}","templated":true}]}}